{"id":15341,"date":"2017-09-19T10:24:27","date_gmt":"2017-09-19T16:24:27","guid":{"rendered":"http:\/\/endoscopia-gdl.com.mx\/micrositios\/?post_type=product&#038;p=15341"},"modified":"2017-09-21T16:42:35","modified_gmt":"2017-09-21T22:42:35","slug":"nefroscopio-para-smp","status":"publish","type":"product","link":"http:\/\/endoscopia-gdl.com.mx\/micrositios\/producto\/nefroscopio-para-smp\/","title":{"rendered":"Nefroscopio para SMP"},"content":{"rendered":"<p>YS261-3<\/p>\n","protected":false},"excerpt":{"rendered":"<p>&nbsp;<\/p>\n<p>Nefroscopio ultra fino para uso durante SMP se adapta a camisas de 12, 14, y 18 Fr y favorece la r\u00e1pida eliminaci\u00f3n de fragmentos y mejora el tiempo quir\u00fargico.<\/p>\n","protected":false},"featured_media":15342,"comment_status":"open","ping_status":"closed","template":"","meta":[],"_links":{"self":[{"href":"http:\/\/endoscopia-gdl.com.mx\/micrositios\/wp-json\/wp\/v2\/product\/15341"}],"collection":[{"href":"http:\/\/endoscopia-gdl.com.mx\/micrositios\/wp-json\/wp\/v2\/product"}],"about":[{"href":"http:\/\/endoscopia-gdl.com.mx\/micrositios\/wp-json\/wp\/v2\/types\/product"}],"replies":[{"embeddable":true,"href":"http:\/\/endoscopia-gdl.com.mx\/micrositios\/wp-json\/wp\/v2\/comments?post=15341"}],"wp:featuredmedia":[{"embeddable":true,"href":"http:\/\/endoscopia-gdl.com.mx\/micrositios\/wp-json\/wp\/v2\/media\/15342"}],"wp:attachment":[{"href":"http:\/\/endoscopia-gdl.com.mx\/micrositios\/wp-json\/wp\/v2\/media?parent=15341"}],"curies":[{"name":"wp","href":"https:\/\/api.w.org\/{rel}","templated":true}]}}