{"id":15051,"date":"2017-02-28T14:14:30","date_gmt":"2017-02-28T20:14:30","guid":{"rendered":"http:\/\/endoscopia-gdl.com.mx\/micrositios\/?post_type=product&#038;p=15051"},"modified":"2017-07-04T16:43:54","modified_gmt":"2017-07-04T22:43:54","slug":"microscopio-mc-m1232","status":"publish","type":"product","link":"http:\/\/endoscopia-gdl.com.mx\/micrositios\/producto\/microscopio-mc-m1232\/","title":{"rendered":"Microscopio MC-M1232"},"content":{"rendered":"<p>El Microscopio MC-M1232 presenta la calidad D.F.Vasconcellos, obtenida en m\u00e1s de sesenta a\u00f1os de experiencia<\/p>\n<p>en la fabricaci\u00f3n de lentes \u00f3pticas. Adem\u00e1s de eso, el cambio de experiencias con los m\u00e1s renombrados m\u00e9dicos<\/p>\n<p>y hospitales de Brasil y de otros pa\u00edses nos permite producir equipamientos modernos y de alta calidad \u00f3ptica.<\/p>\n<p>Las posibilidades de muchas combinaciones hacen de esta l\u00ednea de microscopios quir\u00fargicos la m\u00e1s pr\u00e1ctica y<\/p>\n<p>econ\u00f3mica del mercado.<\/p>\n<p>CARACTERISTICAS<\/p>\n<p>Cabeza \u00f3ptica con 5 opciones de aumentos:<\/p>\n<p>3x, 5x, 8x, 13x, 20x, \u00f3 3 opciones de aumentos : 5x, 8x, 13x.<\/p>\n<p>Cabeza \u00f3ptica con binocular inclinado 45\u00ba<\/p>\n<p>Objetivo di\u00e1metro 42mm con foco 250mm<\/p>\n<p>Ajuste de distancia interpupilar desde 55 hasta 75mm<\/p>\n<p>Campo de observaci\u00f3n 66mm a 11mm<\/p>\n<p>Oculares gran angular 12,5x ajustables con traba<\/p>\n<p>Microenfoque manual<\/p>\n<p>Filtro naranja<\/p>\n<p>Generador de luz fr\u00eda con l\u00e1mpara hal\u00f3gena 15V \/ 150W<\/p>\n<p>con intensidad de luz hasta 80.000 lux.<\/p>\n<p>OPCIONAL<\/p>\n<p>Filtro verde<\/p>\n<p>Binocular recto o inclinable 0 a 60\u00ba<\/p>\n<p>Estativos \u2013 suelo, fijo en el suelo, pared<\/p>\n<p>ACCESORIOS ADAPTABLES<\/p>\n<p>Sistema de Video<\/p>\n<p>Sistema de Video, Sistema Foto y<\/p>\n<p>Binocular del Segundo Observador<\/p>\n","protected":false},"excerpt":{"rendered":"<p>El Microscopio MC-M1232 presenta la calidad D.F.Vasconcellos, obtenida en m\u00e1s de sesenta a\u00f1os de experiencia<\/p>\n<p>en la fabricaci\u00f3n de lentes \u00f3pticas. Adem\u00e1s de eso, el cambio de experiencias con los m\u00e1s renombrados m\u00e9dicos<\/p>\n<p>y hospitales de Brasil y de otros pa\u00edses nos permite producir equipamientos modernos y de alta calidad \u00f3ptica.<\/p>\n","protected":false},"featured_media":14906,"comment_status":"open","ping_status":"closed","template":"","meta":[],"_links":{"self":[{"href":"http:\/\/endoscopia-gdl.com.mx\/micrositios\/wp-json\/wp\/v2\/product\/15051"}],"collection":[{"href":"http:\/\/endoscopia-gdl.com.mx\/micrositios\/wp-json\/wp\/v2\/product"}],"about":[{"href":"http:\/\/endoscopia-gdl.com.mx\/micrositios\/wp-json\/wp\/v2\/types\/product"}],"replies":[{"embeddable":true,"href":"http:\/\/endoscopia-gdl.com.mx\/micrositios\/wp-json\/wp\/v2\/comments?post=15051"}],"wp:featuredmedia":[{"embeddable":true,"href":"http:\/\/endoscopia-gdl.com.mx\/micrositios\/wp-json\/wp\/v2\/media\/14906"}],"wp:attachment":[{"href":"http:\/\/endoscopia-gdl.com.mx\/micrositios\/wp-json\/wp\/v2\/media?parent=15051"}],"curies":[{"name":"wp","href":"https:\/\/api.w.org\/{rel}","templated":true}]}}